{"id":4,"date":"2022-10-30T09:39:50","date_gmt":"2022-10-30T09:39:50","guid":{"rendered":"https:\/\/www.cc-carrefour-cabrera.com\/horario-y-festivos-de-apertura\/"},"modified":"2024-11-04T13:28:28","modified_gmt":"2024-11-04T13:28:28","slug":"horario-y-festivos-de-apertura","status":"publish","type":"page","link":"https:\/\/www.cc-carrefour-cabrera.com\/cat\/horario-y-festivos-de-apertura\/","title":{"rendered":"Horari i Accessos"},"content":{"rendered":"<div class=\"wpb-content-wrapper\"><div class=\"vc_row wpb_row vc_row-fluid\"><div class=\"wpb_column vc_column_container vc_col-sm-6\"><div class=\"vc_column-inner\"><div class=\"wpb_wrapper\">\n\t<div class=\"wpb_text_column wpb_content_element\" >\n\t\t<div class=\"wpb_wrapper\">\n\t\t\t<h1 class=\"entry-title\"><i class=\"lni lni-alarm-clock\"><\/i> Horari Hivern<\/h1>\n<h4>Horari Hipermercat Carrefour<\/h4>\n<ul>\n<li>De dilluns a dissabte, de 09.00 a 21.00 h.<\/li>\n<li>Festius d'obertura, de 09.00 a 22.00 h.<\/li>\n<\/ul>\n<h4>Horari Comer\u00e7os<\/h4>\n<ul>\n<li>De dilluns a dissabte, de 09.00 a 21.00 h.<\/li>\n<li>Festius d'obertura, de 10.00 a 22.00 h.<\/li>\n<\/ul>\n<h4>Horari Restauraci\u00f3<\/h4>\n<p>Consulteu amb l'establiment.<\/p>\n<p>&nbsp;<\/p>\n<h1 class=\"entry-title\"><i class=\"lni lni-alarm-clock\"><\/i> Horari Estiu<\/h1>\n<h4>Horari Hipermercat Carrefour<\/h4>\n<ul>\n<li>De dilluns a dissabte, de 9:00 a 21:00 h.<\/li>\n<li>Festius d'obertura, de 09.00 a 22.00 h.<\/li>\n<\/ul>\n<h4>Horari Comer\u00e7os<\/h4>\n<ul>\n<li>De dilluns a dissabte, de 09.30 a 22.00 h.<\/li>\n<li>Festius d'obertura, de 10.00 a 22.00 h.<\/li>\n<\/ul>\n<h4>Horari Restauraci\u00f3<\/h4>\n<p>Consulteu amb l'establiment.<\/p>\n\n\t\t<\/div>\n\t<\/div>\n<\/div><\/div><\/div><div class=\"wpb_column vc_column_container vc_col-sm-6\"><div class=\"vc_column-inner\"><div class=\"wpb_wrapper\">\n\t<div class=\"wpb_text_column wpb_content_element\" >\n\t\t<div class=\"wpb_wrapper\">\n\t\t\t<p><iframe style=\"width: 400px; height: 560px; border: 0; display: block; margin: 0 auto;\" src=\"https:\/\/www.carrefour.es\/tiendas-carrefour\/aperturas-en-festivos\/default_2.aspx#idsa=0069&amp;idat=004A&amp;tipot=Hipermercado\"><\/iframe><\/p>\n\n\t\t<\/div>\n\t<\/div>\n<\/div><\/div><\/div><\/div><div class=\"vc_row wpb_row vc_row-fluid\"><div class=\"wpb_column vc_column_container vc_col-sm-12\"><div class=\"vc_column-inner\"><div class=\"wpb_wrapper\">\n\t<div class=\"wpb_text_column wpb_content_element\" >\n\t\t<div class=\"wpb_wrapper\">\n\t\t\t\n\t\t<\/div>\n\t<\/div>\n<\/div><\/div><\/div><\/div><div id=\"accesos\" class=\"vc_row wpb_row vc_row-fluid\"><div class=\"wpb_column vc_column_container vc_col-sm-12\"><div class=\"vc_column-inner\"><div class=\"wpb_wrapper\">\n\t<div class=\"wpb_text_column wpb_content_element\" >\n\t\t<div class=\"wpb_wrapper\">\n\t\t\t<h1 class=\"entry-title\">Mou-te de forma sostenible<\/h1>\n\n\t\t<\/div>\n\t<\/div>\n<\/div><\/div><\/div><\/div><div class=\"vc_row wpb_row vc_row-fluid\"><div class=\"wpb_column vc_column_container vc_col-sm-12\"><div class=\"vc_column-inner\"><div class=\"wpb_wrapper\">\n\t<div class=\"wpb_text_column wpb_content_element\" >\n\t\t<div class=\"wpb_wrapper\">\n\t\t\t\n\t\t<\/div>\n\t<\/div>\n<\/div><\/div><\/div><\/div><div class=\"vc_row wpb_row vc_row-fluid\"><div class=\"wpb_column vc_column_container vc_col-sm-4\"><div class=\"vc_column-inner\"><div class=\"wpb_wrapper\">\n\t<div class=\"wpb_text_column wpb_content_element\" >\n\t\t<div class=\"wpb_wrapper\">\n\t\t\t<h4>Localitzaci\u00f3<\/h4>\n<p>Ctra. Nacional II, km. 644<br \/>\n08349 Cabrera de Mar (Barcelona)<\/p>\n<h4>Transport p\u00fablic<\/h4>\n<ul>\n<li>Parada Centre Comercial Cabrera<br \/>\n<strong>BUS C16<\/strong><\/li>\n<li>Parada Centre Comercial Carrefour<br \/>\n<strong>BUS C10, N80<\/strong><\/li>\n<\/ul>\n<h4>Bicicleta<\/h4>\n<ul>\n<li>P\u00e0rquing per a bicicletes a la fa\u00e7ana principal i a l'interior.<\/li>\n<\/ul>\n<p><a href=\"https:\/\/moovitapp.com\/index\/es\/transport_en_commun-C_C_Carrefour_Cabrera-Barcelona-site_35694992-362\" target=\"_blank\" rel=\"noopener\"><img decoding=\"async\" style=\"max-width: 200px; height: auto;\" src=\"https:\/\/www.micentrocomercial.es\/wp-content\/uploads\/2021\/10\/moovit.png\" alt=\"moovitapp\" \/><\/a><\/p>\n\n\t\t<\/div>\n\t<\/div>\n<\/div><\/div><\/div><div class=\"wpb_column vc_column_container vc_col-sm-8\"><div class=\"vc_column-inner\"><div class=\"wpb_wrapper\">\n\t<div class=\"wpb_text_column wpb_content_element\" >\n\t\t<div class=\"wpb_wrapper\">\n\t\t\t<p><iframe style=\"border: 0;\" src=\"https:\/\/www.google.com\/maps\/embed?pb=!1m14!1m8!1m3!1d746.8242368539128!2d2.4210075!3d41.519508!3m2!1i1024!2i768!4f13.1!3m3!1m2!1s0x12a4b4f59168c969%3A0x5ca2d54559ca7edf!2sN-II%2C+Km.+644%2C+08349+Cabrera+de+Mar%2C+Barcelona%2C+Espa%C3%B1a!5e0!3m2!1ses!2sus!4v1492003770482\" width=\"100%\" height=\"500\" allowfullscreen=\"allowfullscreen\"><\/iframe><\/p>\n\n\t\t<\/div>\n\t<\/div>\n<\/div><\/div><\/div><\/div>\n<\/div>","protected":false},"excerpt":{"rendered":"Horario Invierno Horario Hipermercado Carrefour De lunes a s\u00e1bado, de 09:00 a 21:00 h. Festivos de apertura, de 09:00 a 22:00 h. Horario Comercios De lunes a s\u00e1bado, de 09:00 a 21:00 h. Festivos de apertura, de 10:00 a 22:00 h. Horario Restauraci\u00f3n Consultar con el establecimiento. &nbsp; Horario Verano Horario Hipermercado Carrefour De lunes [...]","protected":false},"author":1,"featured_media":0,"parent":0,"menu_order":0,"comment_status":"closed","ping_status":"closed","template":"","meta":{"footnotes":""},"class_list":["post-4","page","type-page","status-publish","hentry"],"_links":{"self":[{"href":"https:\/\/www.cc-carrefour-cabrera.com\/cat\/wp-json\/wp\/v2\/pages\/4","targetHints":{"allow":["GET"]}}],"collection":[{"href":"https:\/\/www.cc-carrefour-cabrera.com\/cat\/wp-json\/wp\/v2\/pages"}],"about":[{"href":"https:\/\/www.cc-carrefour-cabrera.com\/cat\/wp-json\/wp\/v2\/types\/page"}],"author":[{"embeddable":true,"href":"https:\/\/www.cc-carrefour-cabrera.com\/cat\/wp-json\/wp\/v2\/users\/1"}],"replies":[{"embeddable":true,"href":"https:\/\/www.cc-carrefour-cabrera.com\/cat\/wp-json\/wp\/v2\/comments?post=4"}],"version-history":[{"count":12,"href":"https:\/\/www.cc-carrefour-cabrera.com\/cat\/wp-json\/wp\/v2\/pages\/4\/revisions"}],"predecessor-version":[{"id":2929,"href":"https:\/\/www.cc-carrefour-cabrera.com\/cat\/wp-json\/wp\/v2\/pages\/4\/revisions\/2929"}],"wp:attachment":[{"href":"https:\/\/www.cc-carrefour-cabrera.com\/cat\/wp-json\/wp\/v2\/media?parent=4"}],"curies":[{"name":"wp","href":"https:\/\/api.w.org\/{rel}","templated":true}]}}