{"id":6,"date":"2022-10-30T09:39:50","date_gmt":"2022-10-30T09:39:50","guid":{"rendered":"https:\/\/www.cc-carrefour-cabrera.com\/servicios\/"},"modified":"2024-05-23T02:41:59","modified_gmt":"2024-05-23T02:41:59","slug":"servicios","status":"publish","type":"page","link":"https:\/\/www.cc-carrefour-cabrera.com\/cat\/servicios\/","title":{"rendered":"Serveis"},"content":{"rendered":"<div class=\"wpb-content-wrapper\"><div class=\"vc_row wpb_row vc_row-fluid vc_row-o-content-middle vc_row-flex\"><br \/>\n<div class=\"wpb_column vc_column_container vc_col-sm-4\"><div class=\"vc_column-inner\"><div class=\"wpb_wrapper\"><br \/>\n\n\t<div class=\"wpb_text_column wpb_content_element\" >\n\t\t<div class=\"wpb_wrapper\">\n\t\t\t<p>\n<img decoding=\"async\" class=\"aligncenter size-full\" src=\"https:\/\/www.micentrocomercial.es\/wp-content\/themes\/restyling\/images\/cabecera-servicios.png\" alt=\"Servicioss\" \/><\/p>\n\n\t\t<\/div>\n\t<\/div>\n<br \/>\n<\/div><\/div><\/div><br \/>\n<div class=\"wpb_column vc_column_container vc_col-sm-8\"><div class=\"vc_column-inner\"><div class=\"wpb_wrapper\"><br \/>\n\n\t<div class=\"wpb_text_column wpb_content_element\" >\n\t\t<div class=\"wpb_wrapper\">\n\t\t\t<h1 class=\"entry-title\">Servicios<\/h1>\n<p style=\"font-size: 1.2rem;\"><strong>La comodidad y el bienestar de nuestros clientes es fundamental.<\/strong><\/p>\n<p style=\"font-size: 1.2rem;\">Nuestros centros est\u00e1n destinados a hacer que se sientan a gusto y que su visita sea una experiencia \u00fanica.<\/p>\n\n\t\t<\/div>\n\t<\/div>\n<br \/>\n\n\t<div class=\"wpb_text_column wpb_content_element\" >\n\t\t<div class=\"wpb_wrapper\">\n\t\t\t<ul class=\"listado-servicios\">\n\t\t\t\t<li>\n\t\t\t\t\t<div class=\"servicio-icon\">\n\t\t\t\t\t\t<svg viewbox=\"0 0 200 200\" xmlns=\"http:\/\/www.w3.org\/2000\/svg\"><path d=\"M 0, 89 C 0, 22.25 22.25, 0 89, 0 S 178, 22.25 178, 89 155.75, 178 89, 178 0, 155.75 0, 89\" fill=\"#fff\" transform=\"rotate(9, 100, 100) translate(11 11)\"><\/path><\/svg>\n\t\t\t\t\t\t<i class=\"icon-carrefour icon-mascotas\" style=\"position:relative;\"><\/i>\n\t\t\t\t\t<\/div>\n\t\t\t\t\t<div class=\"servicio-label\">Pet Friendly<\/div>\n\t\t\t\t<\/li>\n\t\t\t\n\t\t\t\t<li>\n\t\t\t\t\t<div class=\"servicio-icon\">\n\t\t\t\t\t\t<svg viewbox=\"0 0 200 200\" xmlns=\"http:\/\/www.w3.org\/2000\/svg\"><path d=\"M 0, 89 C 0, 22.25 22.25, 0 89, 0 S 178, 22.25 178, 89 155.75, 178 89, 178 0, 155.75 0, 89\" fill=\"#fff\" transform=\"rotate(12, 100, 100) translate(11 11)\"><\/path><\/svg>\n\t\t\t\t\t\t<i class=\"icon-carrefour icon-wifi\" style=\"position:relative;\"><\/i>\n\t\t\t\t\t<\/div>\n\t\t\t\t\t<div class=\"servicio-label\">Wifi Gratuito<\/div>\n\t\t\t\t<\/li>\n\t\t\t\n\t\t\t\t<li>\n\t\t\t\t\t<div class=\"servicio-icon\">\n\t\t\t\t\t\t<svg viewbox=\"0 0 200 200\" xmlns=\"http:\/\/www.w3.org\/2000\/svg\"><path d=\"M 0, 89 C 0, 22.25 22.25, 0 89, 0 S 178, 22.25 178, 89 155.75, 178 89, 178 0, 155.75 0, 89\" fill=\"#fff\" transform=\"rotate(3, 100, 100) translate(11 11)\"><\/path><\/svg>\n\t\t\t\t\t\t<i class=\"icon-carrefour icon-viajes\" style=\"position:relative;\"><\/i>\n\t\t\t\t\t<\/div>\n\t\t\t\t\t<div class=\"servicio-label\">Agencia de viajes<\/div>\n\t\t\t\t<\/li>\n\t\t\t\n\t\t\t\t<li>\n\t\t\t\t\t<div class=\"servicio-icon\">\n\t\t\t\t\t\t<svg viewbox=\"0 0 200 200\" xmlns=\"http:\/\/www.w3.org\/2000\/svg\"><path d=\"M 0, 89 C 0, 22.25 22.25, 0 89, 0 S 178, 22.25 178, 89 155.75, 178 89, 178 0, 155.75 0, 89\" fill=\"#fff\" transform=\"rotate(3, 100, 100) translate(11 11)\"><\/path><\/svg>\n\t\t\t\t\t\t<i class=\"icon-carrefour icon-cajero\" style=\"position:relative;\"><\/i>\n\t\t\t\t\t<\/div>\n\t\t\t\t\t<div class=\"servicio-label\">Cajero autom\u00e1tico<\/div>\n\t\t\t\t<\/li>\n\t\t\t\n\t\t\t\t<li>\n\t\t\t\t\t<div class=\"servicio-icon\">\n\t\t\t\t\t\t<svg viewbox=\"0 0 200 200\" xmlns=\"http:\/\/www.w3.org\/2000\/svg\"><path d=\"M 0, 89 C 0, 22.25 22.25, 0 89, 0 S 178, 22.25 178, 89 155.75, 178 89, 178 0, 155.75 0, 89\" fill=\"#fff\" transform=\"rotate(-14, 100, 100) translate(11 11)\"><\/path><\/svg>\n\t\t\t\t\t\t<i class=\"icon-carrefour icon-drive\" style=\"position:relative;\"><\/i>\n\t\t\t\t\t<\/div>\n\t\t\t\t\t<div class=\"servicio-label\">Carrefour Drive<\/div>\n\t\t\t\t<\/li>\n\t\t\t\n\t\t\t\t<li>\n\t\t\t\t\t<div class=\"servicio-icon\">\n\t\t\t\t\t\t<svg viewbox=\"0 0 200 200\" xmlns=\"http:\/\/www.w3.org\/2000\/svg\"><path d=\"M 0, 89 C 0, 22.25 22.25, 0 89, 0 S 178, 22.25 178, 89 155.75, 178 89, 178 0, 155.75 0, 89\" fill=\"#fff\" transform=\"rotate(0, 100, 100) translate(11 11)\"><\/path><\/svg>\n\t\t\t\t\t\t<i class=\"icon-carrefour icon-deportes\" style=\"position:relative;\"><\/i>\n\t\t\t\t\t<\/div>\n\t\t\t\t\t<div class=\"servicio-label\">Deportes<\/div>\n\t\t\t\t<\/li>\n\t\t\t\n\t\t\t\t<li>\n\t\t\t\t\t<div class=\"servicio-icon\">\n\t\t\t\t\t\t<svg viewbox=\"0 0 200 200\" xmlns=\"http:\/\/www.w3.org\/2000\/svg\"><path d=\"M 0, 89 C 0, 22.25 22.25, 0 89, 0 S 178, 22.25 178, 89 155.75, 178 89, 178 0, 155.75 0, 89\" fill=\"#fff\" transform=\"rotate(13, 100, 100) translate(11 11)\"><\/path><\/svg>\n\t\t\t\t\t\t<i class=\"icon-carrefour icon-fotomaton\" style=\"position:relative;\"><\/i>\n\t\t\t\t\t<\/div>\n\t\t\t\t\t<div class=\"servicio-label\">Fotomat\u00f3n<\/div>\n\t\t\t\t<\/li>\n\t\t\t\n\t\t\t\t<li>\n\t\t\t\t\t<div class=\"servicio-icon\">\n\t\t\t\t\t\t<svg viewbox=\"0 0 200 200\" xmlns=\"http:\/\/www.w3.org\/2000\/svg\"><path d=\"M 0, 89 C 0, 22.25 22.25, 0 89, 0 S 178, 22.25 178, 89 155.75, 178 89, 178 0, 155.75 0, 89\" fill=\"#fff\" transform=\"rotate(14, 100, 100) translate(11 11)\"><\/path><\/svg>\n\t\t\t\t\t\t<i class=\"icon-carrefour icon-gasolinera\" style=\"position:relative;\"><\/i>\n\t\t\t\t\t<\/div>\n\t\t\t\t\t<div class=\"servicio-label\">Gasolinera<\/div>\n\t\t\t\t<\/li>\n\t\t\t\n\t\t\t\t<li>\n\t\t\t\t\t<div class=\"servicio-icon\">\n\t\t\t\t\t\t<svg viewbox=\"0 0 200 200\" xmlns=\"http:\/\/www.w3.org\/2000\/svg\"><path d=\"M 0, 89 C 0, 22.25 22.25, 0 89, 0 S 178, 22.25 178, 89 155.75, 178 89, 178 0, 155.75 0, 89\" fill=\"#fff\" transform=\"rotate(0, 100, 100) translate(11 11)\"><\/path><\/svg>\n\t\t\t\t\t\t<i class=\"icon-carrefour icon-moda\" style=\"position:relative;\"><\/i>\n\t\t\t\t\t<\/div>\n\t\t\t\t\t<div class=\"servicio-label\">Moda<\/div>\n\t\t\t\t<\/li>\n\t\t\t\n\t\t\t\t<li>\n\t\t\t\t\t<div class=\"servicio-icon\">\n\t\t\t\t\t\t<svg viewbox=\"0 0 200 200\" xmlns=\"http:\/\/www.w3.org\/2000\/svg\"><path d=\"M 0, 89 C 0, 22.25 22.25, 0 89, 0 S 178, 22.25 178, 89 155.75, 178 89, 178 0, 155.75 0, 89\" fill=\"#fff\" transform=\"rotate(-11, 100, 100) translate(11 11)\"><\/path><\/svg>\n\t\t\t\t\t\t<i class=\"icon-carrefour icon-optica\" style=\"position:relative;\"><\/i>\n\t\t\t\t\t<\/div>\n\t\t\t\t\t<div class=\"servicio-label\">\u00d3ptica<\/div>\n\t\t\t\t<\/li>\n\t\t\t\n\t\t\t\t<li>\n\t\t\t\t\t<div class=\"servicio-icon\">\n\t\t\t\t\t\t<svg viewbox=\"0 0 200 200\" xmlns=\"http:\/\/www.w3.org\/2000\/svg\"><path d=\"M 0, 89 C 0, 22.25 22.25, 0 89, 0 S 178, 22.25 178, 89 155.75, 178 89, 178 0, 155.75 0, 89\" fill=\"#fff\" transform=\"rotate(12, 100, 100) translate(11 11)\"><\/path><\/svg>\n\t\t\t\t\t\t<i class=\"icon-carrefour icon-parafarmacia\" style=\"position:relative;\"><\/i>\n\t\t\t\t\t<\/div>\n\t\t\t\t\t<div class=\"servicio-label\">Parafarmacia<\/div>\n\t\t\t\t<\/li>\n\t\t\t\n\t\t\t\t<li>\n\t\t\t\t\t<div class=\"servicio-icon\">\n\t\t\t\t\t\t<svg viewbox=\"0 0 200 200\" xmlns=\"http:\/\/www.w3.org\/2000\/svg\"><path d=\"M 0, 89 C 0, 22.25 22.25, 0 89, 0 S 178, 22.25 178, 89 155.75, 178 89, 178 0, 155.75 0, 89\" fill=\"#fff\" transform=\"rotate(12, 100, 100) translate(11 11)\"><\/path><\/svg>\n\t\t\t\t\t\t<i class=\"icon-carrefour icon-peluqueria\" style=\"position:relative;\"><\/i>\n\t\t\t\t\t<\/div>\n\t\t\t\t\t<div class=\"servicio-label\">Peluquer\u00eda<\/div>\n\t\t\t\t<\/li>\n\t\t\t\n\t\t\t\t<li>\n\t\t\t\t\t<div class=\"servicio-icon\">\n\t\t\t\t\t\t<svg viewbox=\"0 0 200 200\" xmlns=\"http:\/\/www.w3.org\/2000\/svg\"><path d=\"M 0, 89 C 0, 22.25 22.25, 0 89, 0 S 178, 22.25 178, 89 155.75, 178 89, 178 0, 155.75 0, 89\" fill=\"#fff\" transform=\"rotate(7, 100, 100) translate(11 11)\"><\/path><\/svg>\n\t\t\t\t\t\t<i class=\"icon-carrefour icon-perfumeria\" style=\"position:relative;\"><\/i>\n\t\t\t\t\t<\/div>\n\t\t\t\t\t<div class=\"servicio-label\">Perfumer\u00eda<\/div>\n\t\t\t\t<\/li>\n\t\t\t\n\t\t\t\t<li>\n\t\t\t\t\t<div class=\"servicio-icon\">\n\t\t\t\t\t\t<svg viewbox=\"0 0 200 200\" xmlns=\"http:\/\/www.w3.org\/2000\/svg\"><path d=\"M 0, 89 C 0, 22.25 22.25, 0 89, 0 S 178, 22.25 178, 89 155.75, 178 89, 178 0, 155.75 0, 89\" fill=\"#fff\" transform=\"rotate(-1, 100, 100) translate(11 11)\"><\/path><\/svg>\n\t\t\t\t\t\t<i class=\"icon-carrefour icon-bateria\" style=\"position:relative;\"><\/i>\n\t\t\t\t\t<\/div>\n\t\t\t\t\t<div class=\"servicio-label\">Recarga bater\u00eda<\/div>\n\t\t\t\t<\/li>\n\t\t\t\n\t\t\t\t<li>\n\t\t\t\t\t<div class=\"servicio-icon\">\n\t\t\t\t\t\t<svg viewbox=\"0 0 200 200\" xmlns=\"http:\/\/www.w3.org\/2000\/svg\"><path d=\"M 0, 89 C 0, 22.25 22.25, 0 89, 0 S 178, 22.25 178, 89 155.75, 178 89, 178 0, 155.75 0, 89\" fill=\"#fff\" transform=\"rotate(-7, 100, 100) translate(11 11)\"><\/path><\/svg>\n\t\t\t\t\t\t<i class=\"icon-carrefour icon-llaves\" style=\"position:relative;\"><\/i>\n\t\t\t\t\t<\/div>\n\t\t\t\t\t<div class=\"servicio-label\">Reproducci\u00f3n de llaves<\/div>\n\t\t\t\t<\/li>\n\t\t\t\n\t\t\t\t<li>\n\t\t\t\t\t<div class=\"servicio-icon\">\n\t\t\t\t\t\t<svg viewbox=\"0 0 200 200\" xmlns=\"http:\/\/www.w3.org\/2000\/svg\"><path d=\"M 0, 89 C 0, 22.25 22.25, 0 89, 0 S 178, 22.25 178, 89 155.75, 178 89, 178 0, 155.75 0, 89\" fill=\"#fff\" transform=\"rotate(1, 100, 100) translate(11 11)\"><\/path><\/svg>\n\t\t\t\t\t\t<i class=\"icon-carrefour icon-restauracion\" style=\"position:relative;\"><\/i>\n\t\t\t\t\t<\/div>\n\t\t\t\t\t<div class=\"servicio-label\">Restauraci\u00f3n<\/div>\n\t\t\t\t<\/li>\n\t\t\t\n\t\t\t\t<li>\n\t\t\t\t\t<div class=\"servicio-icon\">\n\t\t\t\t\t\t<svg viewbox=\"0 0 200 200\" xmlns=\"http:\/\/www.w3.org\/2000\/svg\"><path d=\"M 0, 89 C 0, 22.25 22.25, 0 89, 0 S 178, 22.25 178, 89 155.75, 178 89, 178 0, 155.75 0, 89\" fill=\"#fff\" transform=\"rotate(9, 100, 100) translate(11 11)\"><\/path><\/svg>\n\t\t\t\t\t\t<i class=\"icon-carrefour icon-financieros\" style=\"position:relative;\"><\/i>\n\t\t\t\t\t<\/div>\n\t\t\t\t\t<div class=\"servicio-label\">Servicios financieros<\/div>\n\t\t\t\t<\/li>\n\t\t\t\n\t\t\t\t<li>\n\t\t\t\t\t<div class=\"servicio-icon\">\n\t\t\t\t\t\t<svg viewbox=\"0 0 200 200\" xmlns=\"http:\/\/www.w3.org\/2000\/svg\"><path d=\"M 0, 89 C 0, 22.25 22.25, 0 89, 0 S 178, 22.25 178, 89 155.75, 178 89, 178 0, 155.75 0, 89\" fill=\"#fff\" transform=\"rotate(-5, 100, 100) translate(11 11)\"><\/path><\/svg>\n\t\t\t\t\t\t<i class=\"icon-carrefour icon-taxi\" style=\"position:relative;\"><\/i>\n\t\t\t\t\t<\/div>\n\t\t\t\t\t<div class=\"servicio-label\">Taxi<\/div>\n\t\t\t\t<\/li>\n\t\t\t\n\t\t\t\t<li>\n\t\t\t\t\t<div class=\"servicio-icon\">\n\t\t\t\t\t\t<svg viewbox=\"0 0 200 200\" xmlns=\"http:\/\/www.w3.org\/2000\/svg\"><path d=\"M 0, 89 C 0, 22.25 22.25, 0 89, 0 S 178, 22.25 178, 89 155.75, 178 89, 178 0, 155.75 0, 89\" fill=\"#fff\" transform=\"rotate(3, 100, 100) translate(11 11)\"><\/path><\/svg>\n\t\t\t\t\t\t<i class=\"icon-carrefour icon-infantil\" style=\"position:relative;\"><\/i>\n\t\t\t\t\t<\/div>\n\t\t\t\t\t<div class=\"servicio-label\">Zona infantil<\/div>\n\t\t\t\t<\/li>\n\t\t\t<\/ul>\n\n\t\t<\/div>\n\t<\/div>\n<br \/>\n<\/div><\/div><\/div><br \/>\n<\/div><br \/>\n<div id=\"galeria-centro\" class=\"vc_row wpb_row vc_row-fluid\"><br \/>\n<div class=\"wpb_column vc_column_container vc_col-sm-12\"><div class=\"vc_column-inner\"><div class=\"wpb_wrapper\"><br \/>\n\n\t<div class=\"wpb_text_column wpb_content_element\" >\n\t\t<div class=\"wpb_wrapper\">\n\t\t\t<h1 class=\"entry-title\">DESCUBRE NUESTRO CENTRO<\/h1>\n\n\t\t<\/div>\n\t<\/div>\n<br \/>\n<div class=\"wpb_gallery wpb_content_element vc_clearfix wpb_content_element\" ><div class=\"wpb_wrapper\"><div class=\"wpb_gallery_slides wpb_flexslider flexslider_slide flexslider\" data-interval=\"3\" data-flex_fx=\"slide\"><ul class=\"slides\"><li><a class=\"\" href=\"https:\/\/www.cc-carrefour-cabrera.com\/wp-content\/uploads\/sites\/12\/2022\/11\/centro-comercial-carrefour-cabrera-de-mar-06.jpg\" data-lightbox=\"lightbox[rel-6-469733730]\"><img fetchpriority=\"high\" decoding=\"async\" width=\"800\" height=\"450\" src=\"https:\/\/www.cc-carrefour-cabrera.com\/wp-content\/uploads\/sites\/12\/2022\/11\/centro-comercial-carrefour-cabrera-de-mar-06.jpg\" class=\"attachment-full\" alt=\"\" title=\"centro-comercial-carrefour-cabrera-de-mar-06.jpg\" srcset=\"https:\/\/www.cc-carrefour-cabrera.com\/wp-content\/uploads\/sites\/12\/2022\/11\/centro-comercial-carrefour-cabrera-de-mar-06.jpg 800w, https:\/\/www.cc-carrefour-cabrera.com\/wp-content\/uploads\/sites\/12\/2022\/11\/centro-comercial-carrefour-cabrera-de-mar-06-300x169.jpg 300w, https:\/\/www.cc-carrefour-cabrera.com\/wp-content\/uploads\/sites\/12\/2022\/11\/centro-comercial-carrefour-cabrera-de-mar-06-768x432.jpg 768w\" sizes=\"(max-width: 800px) 100vw, 800px\" \/><\/a><\/li><li><a class=\"\" href=\"https:\/\/www.cc-carrefour-cabrera.com\/wp-content\/uploads\/sites\/12\/2022\/11\/centro-comercial-carrefour-cabrera-de-mar-02.jpg\" data-lightbox=\"lightbox[rel-6-469733730]\"><img decoding=\"async\" width=\"800\" height=\"450\" src=\"https:\/\/www.cc-carrefour-cabrera.com\/wp-content\/uploads\/sites\/12\/2022\/11\/centro-comercial-carrefour-cabrera-de-mar-02.jpg\" class=\"attachment-full\" alt=\"\" title=\"centro-comercial-carrefour-cabrera-de-mar-02.jpg\" srcset=\"https:\/\/www.cc-carrefour-cabrera.com\/wp-content\/uploads\/sites\/12\/2022\/11\/centro-comercial-carrefour-cabrera-de-mar-02.jpg 800w, https:\/\/www.cc-carrefour-cabrera.com\/wp-content\/uploads\/sites\/12\/2022\/11\/centro-comercial-carrefour-cabrera-de-mar-02-300x169.jpg 300w, https:\/\/www.cc-carrefour-cabrera.com\/wp-content\/uploads\/sites\/12\/2022\/11\/centro-comercial-carrefour-cabrera-de-mar-02-768x432.jpg 768w\" sizes=\"(max-width: 800px) 100vw, 800px\" \/><\/a><\/li><li><a class=\"\" href=\"https:\/\/www.cc-carrefour-cabrera.com\/wp-content\/uploads\/sites\/12\/2022\/11\/centro-comercial-carrefour-cabrera-de-mar-05.jpg\" data-lightbox=\"lightbox[rel-6-469733730]\"><img decoding=\"async\" width=\"800\" height=\"450\" src=\"https:\/\/www.cc-carrefour-cabrera.com\/wp-content\/uploads\/sites\/12\/2022\/11\/centro-comercial-carrefour-cabrera-de-mar-05.jpg\" class=\"attachment-full\" alt=\"\" title=\"centro-comercial-carrefour-cabrera-de-mar-05.jpg\" srcset=\"https:\/\/www.cc-carrefour-cabrera.com\/wp-content\/uploads\/sites\/12\/2022\/11\/centro-comercial-carrefour-cabrera-de-mar-05.jpg 800w, https:\/\/www.cc-carrefour-cabrera.com\/wp-content\/uploads\/sites\/12\/2022\/11\/centro-comercial-carrefour-cabrera-de-mar-05-300x169.jpg 300w, https:\/\/www.cc-carrefour-cabrera.com\/wp-content\/uploads\/sites\/12\/2022\/11\/centro-comercial-carrefour-cabrera-de-mar-05-768x432.jpg 768w\" sizes=\"(max-width: 800px) 100vw, 800px\" \/><\/a><\/li><li><a class=\"\" href=\"https:\/\/www.cc-carrefour-cabrera.com\/wp-content\/uploads\/sites\/12\/2022\/11\/centro-comercial-carrefour-cabrera-de-mar-04.jpg\" data-lightbox=\"lightbox[rel-6-469733730]\"><img loading=\"lazy\" decoding=\"async\" width=\"800\" height=\"450\" src=\"https:\/\/www.cc-carrefour-cabrera.com\/wp-content\/uploads\/sites\/12\/2022\/11\/centro-comercial-carrefour-cabrera-de-mar-04.jpg\" class=\"attachment-full\" alt=\"\" title=\"centro-comercial-carrefour-cabrera-de-mar-04.jpg\" srcset=\"https:\/\/www.cc-carrefour-cabrera.com\/wp-content\/uploads\/sites\/12\/2022\/11\/centro-comercial-carrefour-cabrera-de-mar-04.jpg 800w, https:\/\/www.cc-carrefour-cabrera.com\/wp-content\/uploads\/sites\/12\/2022\/11\/centro-comercial-carrefour-cabrera-de-mar-04-300x169.jpg 300w, https:\/\/www.cc-carrefour-cabrera.com\/wp-content\/uploads\/sites\/12\/2022\/11\/centro-comercial-carrefour-cabrera-de-mar-04-768x432.jpg 768w\" sizes=\"(max-width: 800px) 100vw, 800px\" \/><\/a><\/li><li><a class=\"\" href=\"https:\/\/www.cc-carrefour-cabrera.com\/wp-content\/uploads\/sites\/12\/2022\/11\/centro-comercial-carrefour-cabrera-de-mar-03.jpg\" data-lightbox=\"lightbox[rel-6-469733730]\"><img loading=\"lazy\" decoding=\"async\" width=\"800\" height=\"450\" src=\"https:\/\/www.cc-carrefour-cabrera.com\/wp-content\/uploads\/sites\/12\/2022\/11\/centro-comercial-carrefour-cabrera-de-mar-03.jpg\" class=\"attachment-full\" alt=\"\" title=\"centro-comercial-carrefour-cabrera-de-mar-03.jpg\" srcset=\"https:\/\/www.cc-carrefour-cabrera.com\/wp-content\/uploads\/sites\/12\/2022\/11\/centro-comercial-carrefour-cabrera-de-mar-03.jpg 800w, https:\/\/www.cc-carrefour-cabrera.com\/wp-content\/uploads\/sites\/12\/2022\/11\/centro-comercial-carrefour-cabrera-de-mar-03-300x169.jpg 300w, https:\/\/www.cc-carrefour-cabrera.com\/wp-content\/uploads\/sites\/12\/2022\/11\/centro-comercial-carrefour-cabrera-de-mar-03-768x432.jpg 768w\" sizes=\"(max-width: 800px) 100vw, 800px\" \/><\/a><\/li><li><a class=\"\" href=\"https:\/\/www.cc-carrefour-cabrera.com\/wp-content\/uploads\/sites\/12\/2022\/11\/centro-comercial-carrefour-cabrera-de-mar-01.jpg\" data-lightbox=\"lightbox[rel-6-469733730]\"><img loading=\"lazy\" decoding=\"async\" width=\"800\" height=\"450\" src=\"https:\/\/www.cc-carrefour-cabrera.com\/wp-content\/uploads\/sites\/12\/2022\/11\/centro-comercial-carrefour-cabrera-de-mar-01.jpg\" class=\"attachment-full\" alt=\"\" title=\"centro-comercial-carrefour-cabrera-de-mar-01.jpg\" srcset=\"https:\/\/www.cc-carrefour-cabrera.com\/wp-content\/uploads\/sites\/12\/2022\/11\/centro-comercial-carrefour-cabrera-de-mar-01.jpg 800w, https:\/\/www.cc-carrefour-cabrera.com\/wp-content\/uploads\/sites\/12\/2022\/11\/centro-comercial-carrefour-cabrera-de-mar-01-300x169.jpg 300w, https:\/\/www.cc-carrefour-cabrera.com\/wp-content\/uploads\/sites\/12\/2022\/11\/centro-comercial-carrefour-cabrera-de-mar-01-768x432.jpg 768w\" sizes=\"(max-width: 800px) 100vw, 800px\" \/><\/a><\/li><\/ul><\/div><\/div><\/div><br \/>\n<\/div><\/div><\/div><br \/>\n<\/div>\n<\/div>","protected":false},"excerpt":{"rendered":"Servicios La comodidad y el bienestar de nuestros clientes es fundamental. Nuestros centros est\u00e1n destinados a hacer que se sientan a gusto y que su visita sea una experiencia \u00fanica. Pet Friendly Wifi Gratuito Agencia de viajes Cajero autom\u00e1tico Carrefour Drive Deportes Fotomat\u00f3n Gasolinera Moda \u00d3ptica Parafarmacia Peluquer\u00eda Perfumer\u00eda Recarga bater\u00eda Reproducci\u00f3n de llaves Restauraci\u00f3n [...]","protected":false},"author":1,"featured_media":0,"parent":0,"menu_order":0,"comment_status":"closed","ping_status":"closed","template":"","meta":{"footnotes":""},"class_list":["post-6","page","type-page","status-publish","hentry"],"_links":{"self":[{"href":"https:\/\/www.cc-carrefour-cabrera.com\/cat\/wp-json\/wp\/v2\/pages\/6","targetHints":{"allow":["GET"]}}],"collection":[{"href":"https:\/\/www.cc-carrefour-cabrera.com\/cat\/wp-json\/wp\/v2\/pages"}],"about":[{"href":"https:\/\/www.cc-carrefour-cabrera.com\/cat\/wp-json\/wp\/v2\/types\/page"}],"author":[{"embeddable":true,"href":"https:\/\/www.cc-carrefour-cabrera.com\/cat\/wp-json\/wp\/v2\/users\/1"}],"replies":[{"embeddable":true,"href":"https:\/\/www.cc-carrefour-cabrera.com\/cat\/wp-json\/wp\/v2\/comments?post=6"}],"version-history":[{"count":3,"href":"https:\/\/www.cc-carrefour-cabrera.com\/cat\/wp-json\/wp\/v2\/pages\/6\/revisions"}],"predecessor-version":[{"id":2087,"href":"https:\/\/www.cc-carrefour-cabrera.com\/cat\/wp-json\/wp\/v2\/pages\/6\/revisions\/2087"}],"wp:attachment":[{"href":"https:\/\/www.cc-carrefour-cabrera.com\/cat\/wp-json\/wp\/v2\/media?parent=6"}],"curies":[{"name":"wp","href":"https:\/\/api.w.org\/{rel}","templated":true}]}}